{"id":477,"date":"2017-02-08T12:51:45","date_gmt":"2017-02-08T11:51:45","guid":{"rendered":"http:\/\/185.189.51.196\/~sundsvallv\/?page_id=477"},"modified":"2020-11-23T14:45:16","modified_gmt":"2020-11-23T13:45:16","slug":"fysioterapeutsjukgymnast","status":"publish","type":"page","link":"http:\/\/185.189.51.196\/~sundsvallv\/fysioterapeutsjukgymnast\/","title":{"rendered":"Fysioterapeut\/Sjukgymnast"},"content":{"rendered":"<p><strong>V\u00e5ra fysioterapeuter \u00e4r:<\/strong><\/p>\n<p>Sk\u00f6nsmon: Caroline, Max och Petronella<\/p>\n<p>Fysioterapeuten \u00e4r specialist p\u00e5 att f\u00f6rebygga och behandla st\u00f6rningar i m\u00e4nniskans r\u00f6relseapparat (d.v.s. muskel, skelett- och nervsystem).<\/p>\n<p>Aktivitet och tr\u00e4ning \u00e4r viktiga best\u00e5ndsdelar i en effektiv behandling, d\u00e4rf\u00f6r st\u00f6djer fysioterapeuten dig med r\u00e5d och tr\u00e4ningsprogram, s\u00e5\u00a0\u00a0att du kan bli\u00a0\u00a0aktiv och utf\u00f6ra egen tr\u00e4ning.<\/p>\n<p>Fysioterapeuterna hos oss p\u00e5 Sundsvalls V\u00e5rdcentral har en bred erfarenhet fr\u00e5n arbete inom rehab och kliniker inom kommunal, privat och Landstingsdriven rehab, de har \u00e4ven kunskap inom akupunktur, idrottsmedicin och ortopedisk manuell terapi.<\/p>\n<h4>Kortisoninjektioner och st\u00f6tv\u00e5gsbehandlingar<\/h4>\n<p>Vi erbjuder ocks\u00e5 kortisoninjektioner f\u00f6r leder, kn\u00e4, axlar, mm, efter ordination och bed\u00f6mning av l\u00e4kare samt st\u00f6tv\u00e5gsbehandlingar.<\/p>\n<h4>Ultraljudsscanning<\/h4>\n<p>Som en av de f\u00f6rsta v\u00e5rdcentralerna i Sverige kan vi nu erbjuda muskuloskeletal ultraljudsscanning som komplement till den kliniska unders\u00f6kningen av patienterna.<\/p>\n<p>&#8221;Det fysioterapeuten k\u00e4nner med hj\u00e4lp av h\u00e4nder och fingrar kan han\/hon bekr\u00e4fta med hj\u00e4lp av ultraljudsscanning, som visar exakt var det finns en f\u00f6rkalkning, en benp\u00e5lagring, k\u00e4rlinv\u00e4xt eller ett inflammerat omr\u00e5de och exakt hur bred en ledspringa eller h\u00e4lsena \u00e4r&#8221;.<\/p>\n<p>Muskuloskeletal ultraljudsscanning anv\u00e4nds av fysioterapeuten f\u00f6r att hitta patologiska strukturer i v\u00e4vnaden, till biofeedback och som komplement till den kliniska unders\u00f6kningen.Ultraljud har inga biverkningar, och man uts\u00e4tts inte f\u00f6r str\u00e5lning som man g\u00f6r vid r\u00f6ntgen. Man ser med ultraljudsscanningen mjukdelar som muskler, senor och ligament b\u00e4ttre med ultraljud, j\u00e4mf\u00f6rd med r\u00f6ntgen, och man f\u00e5r resultaten i realtid, h\u00e4r och nu.<\/p>\n<p>Ultraljudsscanningen anv\u00e4nds ofta p\u00e5 axlar, kn\u00e4n, armb\u00e5gar och h\u00f6fter. Vanliga diagnoser kan vara inflammation eller f\u00f6rkalkning i axeln, slems\u00e4cksinflammation eller rupturer av olika slag.<\/p>\n<h4>Boka tid<\/h4>\n<p>Tidsbokning och avbokning g\u00f6r du direkt till fysioterapeuterna p\u00e5 telefon 060 &#8211; 658 12 10 eller via 1177 e-tj\u00e4nster.<\/p>\n<p>&nbsp;<\/p>\n","protected":false},"excerpt":{"rendered":"<p>V\u00e5ra fysioterapeuter \u00e4r: Sk\u00f6nsmon: Caroline, Max och Petronella Fysioterapeuten \u00e4r specialist p\u00e5 att f\u00f6rebygga och behandla st\u00f6rningar i m\u00e4nniskans r\u00f6relseapparat (d.v.s. muskel, skelett- och nervsystem). Aktivitet och tr\u00e4ning \u00e4r viktiga best\u00e5ndsdelar i en effektiv behandling, d\u00e4rf\u00f6r st\u00f6djer fysioterapeuten dig med r\u00e5d och tr\u00e4ningsprogram, s\u00e5\u00a0\u00a0att du kan bli\u00a0\u00a0aktiv och utf\u00f6ra egen tr\u00e4ning. Fysioterapeuterna hos oss p\u00e5 [&hellip;]<\/p>\n","protected":false},"author":5,"featured_media":0,"parent":0,"menu_order":0,"comment_status":"closed","ping_status":"closed","template":"","meta":[],"_links":{"self":[{"href":"http:\/\/185.189.51.196\/~sundsvallv\/wp-json\/wp\/v2\/pages\/477"}],"collection":[{"href":"http:\/\/185.189.51.196\/~sundsvallv\/wp-json\/wp\/v2\/pages"}],"about":[{"href":"http:\/\/185.189.51.196\/~sundsvallv\/wp-json\/wp\/v2\/types\/page"}],"author":[{"embeddable":true,"href":"http:\/\/185.189.51.196\/~sundsvallv\/wp-json\/wp\/v2\/users\/5"}],"replies":[{"embeddable":true,"href":"http:\/\/185.189.51.196\/~sundsvallv\/wp-json\/wp\/v2\/comments?post=477"}],"version-history":[{"count":6,"href":"http:\/\/185.189.51.196\/~sundsvallv\/wp-json\/wp\/v2\/pages\/477\/revisions"}],"predecessor-version":[{"id":843,"href":"http:\/\/185.189.51.196\/~sundsvallv\/wp-json\/wp\/v2\/pages\/477\/revisions\/843"}],"wp:attachment":[{"href":"http:\/\/185.189.51.196\/~sundsvallv\/wp-json\/wp\/v2\/media?parent=477"}],"curies":[{"name":"wp","href":"https:\/\/api.w.org\/{rel}","templated":true}]}}