{"id":387,"date":"2017-01-26T10:12:02","date_gmt":"2017-01-26T09:12:02","guid":{"rendered":"http:\/\/185.189.51.196\/~sundsvallv\/?page_id=387"},"modified":"2020-11-23T14:46:16","modified_gmt":"2020-11-23T13:46:16","slug":"dietist","status":"publish","type":"page","link":"http:\/\/185.189.51.196\/~sundsvallv\/livsstil\/dietist\/","title":{"rendered":"Dietist"},"content":{"rendered":"<h4>Kostr\u00e5d vid olika sjukdomar och h\u00e4lsotillst\u00e5nd<\/h4>\n<p>V\u00e5r dietist heter Ingrid f\u00f6r att boka tid hos dietist ring 060-6581210 eller via <strong><span style=\"color: #008000;\"><a style=\"color: #008000;\" href=\"https:\/\/e-tjanster.1177.se\">1177 V\u00e5rdguidens E-tj\u00e4nst<\/a><\/span><\/strong>.<\/p>\n<p>Hos dietist kan du f\u00e5 hj\u00e4lp med kostr\u00e5d vid olika sjukdomar och h\u00e4lsotillst\u00e5nd. Det kan g\u00e4lla vid kroniska sjukdomar eller vid livsstilsf\u00f6r\u00e4ndringar. Dietist kan \u00e4ven f\u00f6rskriva n\u00e4ringsdryck vid sjukdom n\u00e4r behov f\u00f6religger.<\/p>\n<p>Dietisten besitter spetskompetens inom mat, n\u00e4ring och h\u00e4lsa och m\u00f6te med dietist kan beh\u00f6vas i m\u00e5nga sammanhang. Dietisten inom v\u00e5rden tr\u00e4ffar bl.a. patienter som lider av undern\u00e4ring, IBS, diabetes, njursjukdom och cancer, dvs. sjukdomstillst\u00e5nd d\u00e4r adekvat nutritionsbehandling \u00e4r viktig. Om man har ett sjukdomstillst\u00e5nd som p\u00e5verkas eller \u00e4r en direkt orsak av ens kosth\u00e5llning b\u00f6r en dietist konsulteras.<\/p>\n","protected":false},"excerpt":{"rendered":"<p>Kostr\u00e5d vid olika sjukdomar och h\u00e4lsotillst\u00e5nd V\u00e5r dietist heter Ingrid f\u00f6r att boka tid hos dietist ring 060-6581210 eller via 1177 V\u00e5rdguidens E-tj\u00e4nst. Hos dietist kan du f\u00e5 hj\u00e4lp med kostr\u00e5d vid olika sjukdomar och h\u00e4lsotillst\u00e5nd. Det kan g\u00e4lla vid kroniska sjukdomar eller vid livsstilsf\u00f6r\u00e4ndringar. Dietist kan \u00e4ven f\u00f6rskriva n\u00e4ringsdryck vid sjukdom n\u00e4r behov f\u00f6religger. [&hellip;]<\/p>\n","protected":false},"author":5,"featured_media":0,"parent":371,"menu_order":0,"comment_status":"closed","ping_status":"closed","template":"","meta":[],"_links":{"self":[{"href":"http:\/\/185.189.51.196\/~sundsvallv\/wp-json\/wp\/v2\/pages\/387"}],"collection":[{"href":"http:\/\/185.189.51.196\/~sundsvallv\/wp-json\/wp\/v2\/pages"}],"about":[{"href":"http:\/\/185.189.51.196\/~sundsvallv\/wp-json\/wp\/v2\/types\/page"}],"author":[{"embeddable":true,"href":"http:\/\/185.189.51.196\/~sundsvallv\/wp-json\/wp\/v2\/users\/5"}],"replies":[{"embeddable":true,"href":"http:\/\/185.189.51.196\/~sundsvallv\/wp-json\/wp\/v2\/comments?post=387"}],"version-history":[{"count":6,"href":"http:\/\/185.189.51.196\/~sundsvallv\/wp-json\/wp\/v2\/pages\/387\/revisions"}],"predecessor-version":[{"id":844,"href":"http:\/\/185.189.51.196\/~sundsvallv\/wp-json\/wp\/v2\/pages\/387\/revisions\/844"}],"up":[{"embeddable":true,"href":"http:\/\/185.189.51.196\/~sundsvallv\/wp-json\/wp\/v2\/pages\/371"}],"wp:attachment":[{"href":"http:\/\/185.189.51.196\/~sundsvallv\/wp-json\/wp\/v2\/media?parent=387"}],"curies":[{"name":"wp","href":"https:\/\/api.w.org\/{rel}","templated":true}]}}