{"id":381,"date":"2017-01-26T10:00:00","date_gmt":"2017-01-26T09:00:00","guid":{"rendered":"http:\/\/185.189.51.196\/~sundsvallv\/?page_id=381"},"modified":"2020-11-23T14:47:00","modified_gmt":"2020-11-23T13:47:00","slug":"kurator","status":"publish","type":"page","link":"http:\/\/185.189.51.196\/~sundsvallv\/livsstil\/kurator\/","title":{"rendered":"Kurator"},"content":{"rendered":"<p>Till kuratorn kan du komma d\u00e5 du beh\u00f6ver hj\u00e4lp som f\u00f6rebygger och behandlar:<\/p>\n<ul>\n<li>Kristillst\u00e5nd vid t ex sjukdom, livskris, sorg, misshandel, relationsproblem och separation.<\/li>\n<\/ul>\n<ul>\n<li>L\u00e4ttare tillst\u00e5nd av depression, nedst\u00e4mdhet, \u00e5ngest, oro och s\u00f6mnsv\u00e5righeter.<\/li>\n<\/ul>\n<ul>\n<li>Psykosocial problematik som kan leda till oh\u00e4lsa, information i sociala och psykosociala fr\u00e5gor.<\/li>\n<\/ul>\n<h5><strong>Gruppbehandlingar:<\/strong><\/h5>\n<ul>\n<li>Livsstilsf\u00f6r\u00e4ndringar med Mindfulness<\/li>\n<li>Mindfulness och stress<\/li>\n<li>Mindfulness eating<\/li>\n<li>MediYoga<\/li>\n<\/ul>\n<p>Intresserad? Prata med Din L\u00e4kare eller Sjuksk\u00f6terska p\u00e5 n\u00e4sta bes\u00f6k.<\/p>\n<h4><strong>Kontakt<\/strong><\/h4>\n<p>V\u00e5r kurator heter Karolina<\/p>\n<p><strong>Kurator tfn: 060 &#8211; 658 12\u00a010 eller via <span style=\"color: #008000;\"><a style=\"color: #008000;\" href=\"https:\/\/e-tjanster.1177.se\">1177 V\u00e5rdguidens E-tj\u00e4nster<\/a><\/span><\/strong><\/p>\n","protected":false},"excerpt":{"rendered":"<p>Till kuratorn kan du komma d\u00e5 du beh\u00f6ver hj\u00e4lp som f\u00f6rebygger och behandlar: Kristillst\u00e5nd vid t ex sjukdom, livskris, sorg, misshandel, relationsproblem och separation. L\u00e4ttare tillst\u00e5nd av depression, nedst\u00e4mdhet, \u00e5ngest, oro och s\u00f6mnsv\u00e5righeter. Psykosocial problematik som kan leda till oh\u00e4lsa, information i sociala och psykosociala fr\u00e5gor. Gruppbehandlingar: Livsstilsf\u00f6r\u00e4ndringar med Mindfulness Mindfulness och stress Mindfulness eating [&hellip;]<\/p>\n","protected":false},"author":5,"featured_media":0,"parent":371,"menu_order":0,"comment_status":"closed","ping_status":"closed","template":"","meta":[],"_links":{"self":[{"href":"http:\/\/185.189.51.196\/~sundsvallv\/wp-json\/wp\/v2\/pages\/381"}],"collection":[{"href":"http:\/\/185.189.51.196\/~sundsvallv\/wp-json\/wp\/v2\/pages"}],"about":[{"href":"http:\/\/185.189.51.196\/~sundsvallv\/wp-json\/wp\/v2\/types\/page"}],"author":[{"embeddable":true,"href":"http:\/\/185.189.51.196\/~sundsvallv\/wp-json\/wp\/v2\/users\/5"}],"replies":[{"embeddable":true,"href":"http:\/\/185.189.51.196\/~sundsvallv\/wp-json\/wp\/v2\/comments?post=381"}],"version-history":[{"count":6,"href":"http:\/\/185.189.51.196\/~sundsvallv\/wp-json\/wp\/v2\/pages\/381\/revisions"}],"predecessor-version":[{"id":845,"href":"http:\/\/185.189.51.196\/~sundsvallv\/wp-json\/wp\/v2\/pages\/381\/revisions\/845"}],"up":[{"embeddable":true,"href":"http:\/\/185.189.51.196\/~sundsvallv\/wp-json\/wp\/v2\/pages\/371"}],"wp:attachment":[{"href":"http:\/\/185.189.51.196\/~sundsvallv\/wp-json\/wp\/v2\/media?parent=381"}],"curies":[{"name":"wp","href":"https:\/\/api.w.org\/{rel}","templated":true}]}}