{"id":248,"date":"2017-01-23T16:38:30","date_gmt":"2017-01-23T15:38:30","guid":{"rendered":"http:\/\/185.189.51.196\/~sundsvallv\/?page_id=248"},"modified":"2020-11-23T15:23:10","modified_gmt":"2020-11-23T14:23:10","slug":"bvc","status":"publish","type":"page","link":"http:\/\/185.189.51.196\/~sundsvallv\/var-verksamhet\/bvc\/","title":{"rendered":"Barnh\u00e4lsov\u00e5rd"},"content":{"rendered":"<p>Barnh\u00e4lsov\u00e5rd \u00e4r en del av v\u00e5r familjemottagning och tar vid d\u00e5 ni blivit f\u00f6r\u00e4ldrar. Vi kan erbjuda er fortsatt st\u00f6d fram till att barnen \u00e4r i f\u00f6rskole\u00e5lder. Under sommaren prioriteras sm\u00e5 barn upp till 18 m\u00e5nader. 3- , 4- och 5 \u00e5rskontroller kallas fr\u00e5n v\u00e4ntelistan efter sommaren.<\/p>\n<ul>\n<li>Regelbundna h\u00e4lsounders\u00f6kningar och vaccinationer av barnsjuksk\u00f6terska och familjel\u00e4kare.<\/li>\n<li>St\u00f6d och v\u00e4gledning om bland annat barns behov och utveckling, amning, mat, s\u00f6mn, barns\u00e4kerhet och relationsfr\u00e5gor.<\/li>\n<li>OBS! Om ditt barn har tillh\u00f6rt en annan BVC mottagning, s\u00e5 \u00e4r det bra att ni kontaktar dem och ber dem skicka journalerna till oss.<\/li>\n<li>Vi kan ocks\u00e5 f\u00f6rmedla kontakt med v\u00e5r kurator och psykolog.<\/li>\n<li>F\u00f6r\u00e4ldragrupperna: Vi str\u00e4var efter sammanh\u00e5llna grupper i v\u00e5rdkedjan. Du tr\u00e4ffar oftast de f\u00f6r\u00e4ldrar som du l\u00e4rt k\u00e4nna i barnmorskans f\u00f6r\u00e4ldragrupp. Kontakta din Barnh\u00e4lsov\u00e5rdssk\u00f6terska f\u00f6r mer info!<\/li>\n<li>Tid f\u00f6r tillv\u00e4xtuppf\u00f6ljning osv\u00a0bokas med din Barnh\u00e4lsov\u00e5rdssk\u00f6terska.<\/li>\n<li>Under sommaren prioriteras sm\u00e5 barn upp till 18 m\u00e5nader. 3- och 4-\u00e5rskontroller kallas fr\u00e5n v\u00e4ntelista efter sommaren<\/li>\n<\/ul>\n<p>&nbsp;<\/p>\n<p><strong>F\u00f6r r\u00e5dgivning dygnet runt kring sjukdom, v\u00e4nd er till numret 1177 eller hemsidan:\u00a0<\/strong> <a class=\"cm_anchor\" href=\"http:\/\/www.1177.se\/Vasternorrland\/Tema\/Barn-och-foraldrar\/\" target=\"_blank\" rel=\"noopener noreferrer\">http:\/\/www.1177.se\/Vasternorrland\/Tema\/Barn-och-foraldrar\/<\/a><\/p>\n<p>&nbsp;<\/p>\n<p><strong>Vi som arbetar p\u00e5 BVC, Barnh\u00e4lsov\u00e5rd \u00e4r:<\/strong><\/p>\n<div class='content-column one_half'><p>&nbsp;<\/p>\n<p><strong>BVC\/Distriktssk\u00f6terska:<\/strong> Anneli<\/p>\n<p><strong>Spec Barnmedicin\/familjel\u00e4kare p\u00e5 BVC:<\/strong> Anwar<\/p>\n<p><strong>Familjel\u00e4kare p\u00e5 BVC<\/strong>: Lena<\/p>\n<p><strong>Telefon:\u00a0<\/strong>060-658 12 10<\/p><\/div>\n<div class='content-column one_half'><p>&nbsp;<\/p><\/div>\n<h5><\/h5>\n<p>Du kan sj\u00e4lv av- och omboka tider p\u00e5 Barnh\u00e4lsov\u00e5rden\u00a0via Mina V\u00e5rdkontakter eller ring p\u00e5 060-6581210<\/p>\n<p>&nbsp;<\/p>\n<p><strong>Varmt v\u00e4lkomna till oss p\u00e5 BVC<\/strong><\/p>\n","protected":false},"excerpt":{"rendered":"<p>Barnh\u00e4lsov\u00e5rd \u00e4r en del av v\u00e5r familjemottagning och tar vid d\u00e5 ni blivit f\u00f6r\u00e4ldrar. Vi kan erbjuda er fortsatt st\u00f6d fram till att barnen \u00e4r i f\u00f6rskole\u00e5lder. Under sommaren prioriteras sm\u00e5 barn upp till 18 m\u00e5nader. 3- , 4- och 5 \u00e5rskontroller kallas fr\u00e5n v\u00e4ntelistan efter sommaren. Regelbundna h\u00e4lsounders\u00f6kningar och vaccinationer av barnsjuksk\u00f6terska och familjel\u00e4kare. [&hellip;]<\/p>\n","protected":false},"author":5,"featured_media":0,"parent":183,"menu_order":0,"comment_status":"closed","ping_status":"closed","template":"","meta":[],"_links":{"self":[{"href":"http:\/\/185.189.51.196\/~sundsvallv\/wp-json\/wp\/v2\/pages\/248"}],"collection":[{"href":"http:\/\/185.189.51.196\/~sundsvallv\/wp-json\/wp\/v2\/pages"}],"about":[{"href":"http:\/\/185.189.51.196\/~sundsvallv\/wp-json\/wp\/v2\/types\/page"}],"author":[{"embeddable":true,"href":"http:\/\/185.189.51.196\/~sundsvallv\/wp-json\/wp\/v2\/users\/5"}],"replies":[{"embeddable":true,"href":"http:\/\/185.189.51.196\/~sundsvallv\/wp-json\/wp\/v2\/comments?post=248"}],"version-history":[{"count":8,"href":"http:\/\/185.189.51.196\/~sundsvallv\/wp-json\/wp\/v2\/pages\/248\/revisions"}],"predecessor-version":[{"id":850,"href":"http:\/\/185.189.51.196\/~sundsvallv\/wp-json\/wp\/v2\/pages\/248\/revisions\/850"}],"up":[{"embeddable":true,"href":"http:\/\/185.189.51.196\/~sundsvallv\/wp-json\/wp\/v2\/pages\/183"}],"wp:attachment":[{"href":"http:\/\/185.189.51.196\/~sundsvallv\/wp-json\/wp\/v2\/media?parent=248"}],"curies":[{"name":"wp","href":"https:\/\/api.w.org\/{rel}","templated":true}]}}