{"id":245,"date":"2017-01-23T16:38:19","date_gmt":"2017-01-23T15:38:19","guid":{"rendered":"http:\/\/185.189.51.196\/~sundsvallv\/?page_id=245"},"modified":"2020-11-23T15:25:06","modified_gmt":"2020-11-23T14:25:06","slug":"mvc","status":"publish","type":"page","link":"http:\/\/185.189.51.196\/~sundsvallv\/var-verksamhet\/mvc\/","title":{"rendered":"Barnmorska"},"content":{"rendered":"<h3>M\u00f6drah\u00e4lsov\u00e5rd \u2013 Barnmorska Sk\u00f6nsmon<\/h3>\n<p>M\u00f6drav\u00e5rd \u00e4r en del av familjemottagningen. Hit \u00e4r du v\u00e4lkommen om du ska bli mamma eller pappa eller d\u00e5 ni har f\u00e5tt barn. Vi arbetar f\u00f6r att ge b\u00e4sta m\u00f6jliga st\u00f6d under graviditet och d\u00e5 ni blivit f\u00f6r\u00e4ldrar. Du som har fr\u00e5gor ang\u00e5ende sexualitet, preventivmedel, f\u00f6r\u00e4ldraskap eller relationsfr\u00e5gor \u00e4r v\u00e4lkommen att ta kontakt.<\/p>\n<p>&nbsp;<\/p>\n<h3><strong>Sk\u00f6nsmon\u00a0erbjuder:<\/strong><\/h3>\n<p>&nbsp;<\/p>\n<ul>\n<li>H\u00e4lsokontroller med tidiga samtal under graviditet<br \/>\n<strong><em>H\u00f6r av dig direkt efter det positiva graviditetstestet<\/em><\/strong><\/li>\n<li>F\u00f6rberedelse inf\u00f6r f\u00f6r\u00e4ldraskap och f\u00f6rlossning b\u00e5de f\u00f6r mammor och pappor.<\/li>\n<li>F\u00f6r\u00e4ldragrupper, utifr\u00e5n era behov.<\/li>\n<li>Hembes\u00f6k d\u00e5 ni kommit hem fr\u00e5n BB utifr\u00e5n familjens behov.<\/li>\n<li>Preventivmedelsr\u00e5dgivning. Boka tid via\u00a0<strong><span style=\"color: #008000;\"><a style=\"color: #008000;\" href=\"https:\/\/e-tjanster.1177.se\">www.e-tjanster.1177.se<\/a><\/span><\/strong> eller ring mottagningen p\u00e5 060-6581210.<\/li>\n<li>Dagen efter piller som kan tas 5 dagar efter oskyddat samlag p\u00e5 recept.<\/li>\n<li>Provtagning och information om sexuellt \u00f6verf\u00f6rd sjukdom.<\/li>\n<li>Gynekologisk cellprovskontroll f\u00f6r kvinnor i \u00e5ldern 23 &#8211; 60 \u00e5r, sker p\u00e5 torsdag f\u00f6rmiddagar 08.00-09.30 och eftermiddag 13.00-16.30 . Kallelse skickas hem till dig fr\u00e5n sjukhuset. Om tiden ej passar h\u00f6r av er s\u00e5 ordnar vi en ny tid. 060-6581210<\/li>\n<li>Vi har gener\u00f6sa \u00f6ppettider samt grupptr\u00e4ffar p\u00e5 kv\u00e4llstid.<br \/>\n<h5><\/h5>\n<\/li>\n<\/ul>\n<h3><strong>Kontakt<\/strong><\/h3>\n<ul>\n<li><strong>Sari<\/strong><\/li>\n<\/ul>\n<p><strong>Boka tid via\u00a0<span style=\"color: #008000;\"><a style=\"color: #008000;\" href=\"https:\/\/e-tjanster.1177.se\">www.e-tjanster.1177.se<\/a><\/span><\/strong><\/p>\n<h3><strong>Sk\u00f6nsmon:<\/strong><\/h3>\n<p>T<strong>elefon: <\/strong>060 &#8211; 658 12 10, n\u00e5s s\u00e4krast m\u00e5ndag &#8211; fredag mellan 10.00 &#8211; 11.00<\/p>\n<p>&nbsp;<\/p>\n<p><strong>V\u00e4lkomna!<\/strong><\/p>\n<p>&nbsp;<\/p>\n<h5>Information<br \/>\nBes\u00f6k hos barnmorska och distriktssk\u00f6terska inom familjemottagningen \u00e4r avgiftsfria, du beh\u00f6ver inte anm\u00e4la dig i receptionen, utan kan g\u00e5 direkt till familjecentralens v\u00e4ntrum.<\/h5>\n<p>&nbsp;<\/p>\n<p>&nbsp;<\/p>\n","protected":false},"excerpt":{"rendered":"<p>M\u00f6drah\u00e4lsov\u00e5rd \u2013 Barnmorska Sk\u00f6nsmon M\u00f6drav\u00e5rd \u00e4r en del av familjemottagningen. Hit \u00e4r du v\u00e4lkommen om du ska bli mamma eller pappa eller d\u00e5 ni har f\u00e5tt barn. Vi arbetar f\u00f6r att ge b\u00e4sta m\u00f6jliga st\u00f6d under graviditet och d\u00e5 ni blivit f\u00f6r\u00e4ldrar. Du som har fr\u00e5gor ang\u00e5ende sexualitet, preventivmedel, f\u00f6r\u00e4ldraskap eller relationsfr\u00e5gor \u00e4r v\u00e4lkommen att [&hellip;]<\/p>\n","protected":false},"author":5,"featured_media":0,"parent":183,"menu_order":0,"comment_status":"closed","ping_status":"closed","template":"","meta":[],"_links":{"self":[{"href":"http:\/\/185.189.51.196\/~sundsvallv\/wp-json\/wp\/v2\/pages\/245"}],"collection":[{"href":"http:\/\/185.189.51.196\/~sundsvallv\/wp-json\/wp\/v2\/pages"}],"about":[{"href":"http:\/\/185.189.51.196\/~sundsvallv\/wp-json\/wp\/v2\/types\/page"}],"author":[{"embeddable":true,"href":"http:\/\/185.189.51.196\/~sundsvallv\/wp-json\/wp\/v2\/users\/5"}],"replies":[{"embeddable":true,"href":"http:\/\/185.189.51.196\/~sundsvallv\/wp-json\/wp\/v2\/comments?post=245"}],"version-history":[{"count":6,"href":"http:\/\/185.189.51.196\/~sundsvallv\/wp-json\/wp\/v2\/pages\/245\/revisions"}],"predecessor-version":[{"id":852,"href":"http:\/\/185.189.51.196\/~sundsvallv\/wp-json\/wp\/v2\/pages\/245\/revisions\/852"}],"up":[{"embeddable":true,"href":"http:\/\/185.189.51.196\/~sundsvallv\/wp-json\/wp\/v2\/pages\/183"}],"wp:attachment":[{"href":"http:\/\/185.189.51.196\/~sundsvallv\/wp-json\/wp\/v2\/media?parent=245"}],"curies":[{"name":"wp","href":"https:\/\/api.w.org\/{rel}","templated":true}]}}