{"id":243,"date":"2017-01-23T16:38:09","date_gmt":"2017-01-23T15:38:09","guid":{"rendered":"http:\/\/185.189.51.196\/~sundsvallv\/?page_id=243"},"modified":"2020-08-25T10:37:38","modified_gmt":"2020-08-25T08:37:38","slug":"lab","status":"publish","type":"page","link":"http:\/\/185.189.51.196\/~sundsvallv\/var-verksamhet\/lab\/","title":{"rendered":"Lab"},"content":{"rendered":"<p>Vi har alltid drop-in till lab f\u00f6r provtagning 8.00-11.30 och 13.00-15.30<\/p>\n<p>P\u00e5 v\u00e5r provtagning arbetar\u00a0\u00a0Disa, Eva och Anastasia<\/p>\n","protected":false},"excerpt":{"rendered":"<p>Vi har alltid drop-in till lab f\u00f6r provtagning 8.00-11.30 och 13.00-15.30 P\u00e5 v\u00e5r provtagning arbetar\u00a0\u00a0Disa, Eva och Anastasia<\/p>\n","protected":false},"author":5,"featured_media":0,"parent":183,"menu_order":0,"comment_status":"closed","ping_status":"closed","template":"","meta":[],"_links":{"self":[{"href":"http:\/\/185.189.51.196\/~sundsvallv\/wp-json\/wp\/v2\/pages\/243"}],"collection":[{"href":"http:\/\/185.189.51.196\/~sundsvallv\/wp-json\/wp\/v2\/pages"}],"about":[{"href":"http:\/\/185.189.51.196\/~sundsvallv\/wp-json\/wp\/v2\/types\/page"}],"author":[{"embeddable":true,"href":"http:\/\/185.189.51.196\/~sundsvallv\/wp-json\/wp\/v2\/users\/5"}],"replies":[{"embeddable":true,"href":"http:\/\/185.189.51.196\/~sundsvallv\/wp-json\/wp\/v2\/comments?post=243"}],"version-history":[{"count":5,"href":"http:\/\/185.189.51.196\/~sundsvallv\/wp-json\/wp\/v2\/pages\/243\/revisions"}],"predecessor-version":[{"id":835,"href":"http:\/\/185.189.51.196\/~sundsvallv\/wp-json\/wp\/v2\/pages\/243\/revisions\/835"}],"up":[{"embeddable":true,"href":"http:\/\/185.189.51.196\/~sundsvallv\/wp-json\/wp\/v2\/pages\/183"}],"wp:attachment":[{"href":"http:\/\/185.189.51.196\/~sundsvallv\/wp-json\/wp\/v2\/media?parent=243"}],"curies":[{"name":"wp","href":"https:\/\/api.w.org\/{rel}","templated":true}]}}