{"id":239,"date":"2017-01-23T16:37:48","date_gmt":"2017-01-23T15:37:48","guid":{"rendered":"http:\/\/185.189.51.196\/~sundsvallv\/?page_id=239"},"modified":"2021-02-08T11:45:56","modified_gmt":"2021-02-08T10:45:56","slug":"distriktsskoterska","status":"publish","type":"page","link":"http:\/\/185.189.51.196\/~sundsvallv\/var-verksamhet\/distriktsskoterska\/","title":{"rendered":"Distriktssk\u00f6terska"},"content":{"rendered":"<h4>Distriktssk\u00f6terska<\/h4>\n<p>Till distriktssk\u00f6terskan kan du bland annat v\u00e4nda dig f\u00f6r s\u00e5roml\u00e4ggning, ta bort stygn, m\u00e4ta blodtryck, astma\/KOL, diabetes, infektioner samt r\u00e5dgivning kring h\u00e4lsa, tobak, kost, motion och vikt.<br \/>\nEtt bes\u00f6k hos Distriktssk\u00f6terska kostar 300 kr. Gratis r\u00e5dgivning dygnet runt, ring 1177.<\/p>\n<ul>\n<li>Anneli, Leg. Distriktssk\u00f6terska\/BVC Sk\u00f6terska<\/li>\n<li>Sari, Leg. Barnmorska<\/li>\n<li>Helene, Leg. Distriktssk\u00f6terska\/Diabetessk\u00f6terska<\/li>\n<li>Kristin, Leg. Distriktssk\u00f6terska\/Inkontinenssk\u00f6terska\/Demenssk\u00f6terska<\/li>\n<li>Sofie, Leg. Sjuksk\u00f6terska\/Samordningssk\u00f6terska\/H\u00e4lsov\u00e4gledare<\/li>\n<li>Monika, Leg. Distriktssk\u00f6terska<\/li>\n<li>Britta-Stina, Leg. Sjukssk\u00f6terska<\/li>\n<\/ul>\n<p>&nbsp;<\/p>\n<h4>\nRing 060 &#8211; 658 12 10 f\u00f6r tidsbokning eller via <strong><span style=\"color: #008000;\"><a style=\"color: #008000;\" href=\"https:\/\/e-tjanster.1177.se\">www.e-tjanster.1177.se<\/a><\/span><\/strong><\/h4>\n<p>&nbsp;<\/p>\n<h4><\/h4>\n","protected":false},"excerpt":{"rendered":"<p>Distriktssk\u00f6terska Till distriktssk\u00f6terskan kan du bland annat v\u00e4nda dig f\u00f6r s\u00e5roml\u00e4ggning, ta bort stygn, m\u00e4ta blodtryck, astma\/KOL, diabetes, infektioner samt r\u00e5dgivning kring h\u00e4lsa, tobak, kost, motion och vikt. Ett bes\u00f6k hos Distriktssk\u00f6terska kostar 300 kr. Gratis r\u00e5dgivning dygnet runt, ring 1177. Anneli, Leg. Distriktssk\u00f6terska\/BVC Sk\u00f6terska Sari, Leg. Barnmorska Helene, Leg. Distriktssk\u00f6terska\/Diabetessk\u00f6terska Kristin, Leg. Distriktssk\u00f6terska\/Inkontinenssk\u00f6terska\/Demenssk\u00f6terska Sofie, [&hellip;]<\/p>\n","protected":false},"author":5,"featured_media":0,"parent":183,"menu_order":0,"comment_status":"closed","ping_status":"closed","template":"","meta":[],"_links":{"self":[{"href":"http:\/\/185.189.51.196\/~sundsvallv\/wp-json\/wp\/v2\/pages\/239"}],"collection":[{"href":"http:\/\/185.189.51.196\/~sundsvallv\/wp-json\/wp\/v2\/pages"}],"about":[{"href":"http:\/\/185.189.51.196\/~sundsvallv\/wp-json\/wp\/v2\/types\/page"}],"author":[{"embeddable":true,"href":"http:\/\/185.189.51.196\/~sundsvallv\/wp-json\/wp\/v2\/users\/5"}],"replies":[{"embeddable":true,"href":"http:\/\/185.189.51.196\/~sundsvallv\/wp-json\/wp\/v2\/comments?post=239"}],"version-history":[{"count":8,"href":"http:\/\/185.189.51.196\/~sundsvallv\/wp-json\/wp\/v2\/pages\/239\/revisions"}],"predecessor-version":[{"id":870,"href":"http:\/\/185.189.51.196\/~sundsvallv\/wp-json\/wp\/v2\/pages\/239\/revisions\/870"}],"up":[{"embeddable":true,"href":"http:\/\/185.189.51.196\/~sundsvallv\/wp-json\/wp\/v2\/pages\/183"}],"wp:attachment":[{"href":"http:\/\/185.189.51.196\/~sundsvallv\/wp-json\/wp\/v2\/media?parent=239"}],"curies":[{"name":"wp","href":"https:\/\/api.w.org\/{rel}","templated":true}]}}