{"id":237,"date":"2017-01-23T16:37:37","date_gmt":"2017-01-23T15:37:37","guid":{"rendered":"http:\/\/185.189.51.196\/~sundsvallv\/?page_id=237"},"modified":"2020-11-23T15:30:48","modified_gmt":"2020-11-23T14:30:48","slug":"ortoped","status":"publish","type":"page","link":"http:\/\/185.189.51.196\/~sundsvallv\/var-verksamhet\/ortoped\/","title":{"rendered":"Ortoped"},"content":{"rendered":"<h4>Ortoped<\/h4>\n<p>Ortoped Afshin arbetar regelbundet hos oss som konsultl\u00e4kare. Remiss till v\u00e5r ortoped g\u00e5r via din familjel\u00e4kare.<\/p>\n<p><strong>\u00c4ndring av bokad tid\u00a0\u00a0g\u00f6r du via <span style=\"color: #008000;\"><a style=\"color: #008000;\" href=\"https:\/\/e-tjanster.1177.se\">1177 V\u00e5rdguidens E-Tj\u00e4nster<\/a><\/span> eller per telefon 060-658 12 10.<\/strong><\/p>\n","protected":false},"excerpt":{"rendered":"<p>Ortoped Ortoped Afshin arbetar regelbundet hos oss som konsultl\u00e4kare. Remiss till v\u00e5r ortoped g\u00e5r via din familjel\u00e4kare. \u00c4ndring av bokad tid\u00a0\u00a0g\u00f6r du via 1177 V\u00e5rdguidens E-Tj\u00e4nster eller per telefon 060-658 12 10.<\/p>\n","protected":false},"author":5,"featured_media":0,"parent":183,"menu_order":0,"comment_status":"closed","ping_status":"closed","template":"","meta":[],"_links":{"self":[{"href":"http:\/\/185.189.51.196\/~sundsvallv\/wp-json\/wp\/v2\/pages\/237"}],"collection":[{"href":"http:\/\/185.189.51.196\/~sundsvallv\/wp-json\/wp\/v2\/pages"}],"about":[{"href":"http:\/\/185.189.51.196\/~sundsvallv\/wp-json\/wp\/v2\/types\/page"}],"author":[{"embeddable":true,"href":"http:\/\/185.189.51.196\/~sundsvallv\/wp-json\/wp\/v2\/users\/5"}],"replies":[{"embeddable":true,"href":"http:\/\/185.189.51.196\/~sundsvallv\/wp-json\/wp\/v2\/comments?post=237"}],"version-history":[{"count":6,"href":"http:\/\/185.189.51.196\/~sundsvallv\/wp-json\/wp\/v2\/pages\/237\/revisions"}],"predecessor-version":[{"id":859,"href":"http:\/\/185.189.51.196\/~sundsvallv\/wp-json\/wp\/v2\/pages\/237\/revisions\/859"}],"up":[{"embeddable":true,"href":"http:\/\/185.189.51.196\/~sundsvallv\/wp-json\/wp\/v2\/pages\/183"}],"wp:attachment":[{"href":"http:\/\/185.189.51.196\/~sundsvallv\/wp-json\/wp\/v2\/media?parent=237"}],"curies":[{"name":"wp","href":"https:\/\/api.w.org\/{rel}","templated":true}]}}