{"id":235,"date":"2017-01-23T16:37:28","date_gmt":"2017-01-23T15:37:28","guid":{"rendered":"http:\/\/185.189.51.196\/~sundsvallv\/?page_id=235"},"modified":"2020-11-23T15:28:07","modified_gmt":"2020-11-23T14:28:07","slug":"kardiolog","status":"publish","type":"page","link":"http:\/\/185.189.51.196\/~sundsvallv\/var-verksamhet\/kardiolog\/","title":{"rendered":"Kardiolog"},"content":{"rendered":"<h4>Kardiolog<\/h4>\n<h5>V\u00e5r vision \u00e4r att v\u00e5rden ska vara komplett och l\u00e4ttillg\u00e4nglig f\u00f6r dig som patient. D\u00e4rf\u00f6r vill vi utveckla n\u00e4rsjukv\u00e5rd och erbjuda dig m\u00f6jlighet att vid behov kunna bes\u00f6ka alla typer av specialister p\u00e5 v\u00e5rdcentralen.<\/h5>\n<p>\u00d6verl\u00e4kare Samir \u00e4r v\u00e5r specialist inom hj\u00e4rt och k\u00e4rlsjukdomar\/ kardiolog.\u00a0\u00a0Kontaka din familjel\u00e4kare eller ring v\u00e5r Distriktssk\u00f6terska p\u00e5 060 -658 12 10 f\u00f6r mer info.<\/p>\n","protected":false},"excerpt":{"rendered":"<p>Kardiolog V\u00e5r vision \u00e4r att v\u00e5rden ska vara komplett och l\u00e4ttillg\u00e4nglig f\u00f6r dig som patient. D\u00e4rf\u00f6r vill vi utveckla n\u00e4rsjukv\u00e5rd och erbjuda dig m\u00f6jlighet att vid behov kunna bes\u00f6ka alla typer av specialister p\u00e5 v\u00e5rdcentralen. \u00d6verl\u00e4kare Samir \u00e4r v\u00e5r specialist inom hj\u00e4rt och k\u00e4rlsjukdomar\/ kardiolog.\u00a0\u00a0Kontaka din familjel\u00e4kare eller ring v\u00e5r Distriktssk\u00f6terska p\u00e5 060 -658 12 [&hellip;]<\/p>\n","protected":false},"author":5,"featured_media":0,"parent":183,"menu_order":0,"comment_status":"closed","ping_status":"closed","template":"","meta":[],"_links":{"self":[{"href":"http:\/\/185.189.51.196\/~sundsvallv\/wp-json\/wp\/v2\/pages\/235"}],"collection":[{"href":"http:\/\/185.189.51.196\/~sundsvallv\/wp-json\/wp\/v2\/pages"}],"about":[{"href":"http:\/\/185.189.51.196\/~sundsvallv\/wp-json\/wp\/v2\/types\/page"}],"author":[{"embeddable":true,"href":"http:\/\/185.189.51.196\/~sundsvallv\/wp-json\/wp\/v2\/users\/5"}],"replies":[{"embeddable":true,"href":"http:\/\/185.189.51.196\/~sundsvallv\/wp-json\/wp\/v2\/comments?post=235"}],"version-history":[{"count":4,"href":"http:\/\/185.189.51.196\/~sundsvallv\/wp-json\/wp\/v2\/pages\/235\/revisions"}],"predecessor-version":[{"id":858,"href":"http:\/\/185.189.51.196\/~sundsvallv\/wp-json\/wp\/v2\/pages\/235\/revisions\/858"}],"up":[{"embeddable":true,"href":"http:\/\/185.189.51.196\/~sundsvallv\/wp-json\/wp\/v2\/pages\/183"}],"wp:attachment":[{"href":"http:\/\/185.189.51.196\/~sundsvallv\/wp-json\/wp\/v2\/media?parent=235"}],"curies":[{"name":"wp","href":"https:\/\/api.w.org\/{rel}","templated":true}]}}