{"id":231,"date":"2017-01-23T16:37:07","date_gmt":"2017-01-23T15:37:07","guid":{"rendered":"http:\/\/185.189.51.196\/~sundsvallv\/?page_id=231"},"modified":"2021-02-08T11:39:54","modified_gmt":"2021-02-08T10:39:54","slug":"familjelakarmottagning","status":"publish","type":"page","link":"http:\/\/185.189.51.196\/~sundsvallv\/var-verksamhet\/familjelakarmottagning\/","title":{"rendered":"Familjel\u00e4kare"},"content":{"rendered":"<h4><strong>Familjel\u00e4karmottagning Sundsvall<br \/>\n<\/strong><\/h4>\n<p>Vi p\u00e5 Sundsvalls v\u00e5rdcentral har en bred kunskap f\u00f6r att behandla de flesta sjukdomar, skador och kroniska \u00e5kommor. P\u00e5 v\u00e5r v\u00e5rdcentral arbetar flera olika specialister, f\u00f6r att erbjuda dig en mycket god v\u00e5rd.<\/p>\n<h3>Familjel\u00e4kare Sk\u00f6nsmon<\/h3>\n<h4>L\u00e4kare<\/h4>\n<ul>\n<li>Halima Gynekolog\/\u00d6verl\u00e4kare. F\u00f6r tidsbokning ring barnmorska tel: 060-658 12 10 + tryck f\u00f6rval MVC<\/li>\n<li>Anwar Barn och ungdomsl\u00e4kare\/\u00d6verl\u00e4kare \/speciallist i allm\u00e4nmedicin<\/li>\n<li>Afshin Ortoped, arbetar regelbundet hos oss som konsultl\u00e4kare. Remiss g\u00e5r via din familjel\u00e4kare<\/li>\n<li>Lena Familjel\u00e4kare\/Specialist i allm\u00e4nmedicin<\/li>\n<li>Raghad\u00a0 ST-l\u00e4kare i allm\u00e4n medicin<\/li>\n<li>Hassan Familjel\u00e4kare\/Specialist i allm\u00e4n medicin<\/li>\n<li>Samir\u00a0 Hj\u00e4rtl\u00e4kare \/ST i allm\u00e4n medicin\/ Specialist inom hj\u00e4rt och k\u00e4rlsjukdomar\u00a0 kardiolog<\/li>\n<li>Amir ST i allm\u00e4n medicin<\/li>\n<\/ul>\n<p>F\u00f6r tidsbokning till v\u00e5ra l\u00e4kare ring 060-658 12 10.<\/p>\n<p>P\u00e5 familjel\u00e4karmottagningen arbetar \u00e4ven distriktssk\u00f6terskor, sjuksk\u00f6terskor sjukgymnaster, kurator, psykolog samt undersk\u00f6terskor.<\/p>\n<h3><\/h3>\n","protected":false},"excerpt":{"rendered":"<p>Familjel\u00e4karmottagning Sundsvall Vi p\u00e5 Sundsvalls v\u00e5rdcentral har en bred kunskap f\u00f6r att behandla de flesta sjukdomar, skador och kroniska \u00e5kommor. P\u00e5 v\u00e5r v\u00e5rdcentral arbetar flera olika specialister, f\u00f6r att erbjuda dig en mycket god v\u00e5rd. Familjel\u00e4kare Sk\u00f6nsmon L\u00e4kare Halima Gynekolog\/\u00d6verl\u00e4kare. F\u00f6r tidsbokning ring barnmorska tel: 060-658 12 10 + tryck f\u00f6rval MVC Anwar Barn och [&hellip;]<\/p>\n","protected":false},"author":5,"featured_media":0,"parent":183,"menu_order":0,"comment_status":"closed","ping_status":"closed","template":"","meta":[],"_links":{"self":[{"href":"http:\/\/185.189.51.196\/~sundsvallv\/wp-json\/wp\/v2\/pages\/231"}],"collection":[{"href":"http:\/\/185.189.51.196\/~sundsvallv\/wp-json\/wp\/v2\/pages"}],"about":[{"href":"http:\/\/185.189.51.196\/~sundsvallv\/wp-json\/wp\/v2\/types\/page"}],"author":[{"embeddable":true,"href":"http:\/\/185.189.51.196\/~sundsvallv\/wp-json\/wp\/v2\/users\/5"}],"replies":[{"embeddable":true,"href":"http:\/\/185.189.51.196\/~sundsvallv\/wp-json\/wp\/v2\/comments?post=231"}],"version-history":[{"count":9,"href":"http:\/\/185.189.51.196\/~sundsvallv\/wp-json\/wp\/v2\/pages\/231\/revisions"}],"predecessor-version":[{"id":868,"href":"http:\/\/185.189.51.196\/~sundsvallv\/wp-json\/wp\/v2\/pages\/231\/revisions\/868"}],"up":[{"embeddable":true,"href":"http:\/\/185.189.51.196\/~sundsvallv\/wp-json\/wp\/v2\/pages\/183"}],"wp:attachment":[{"href":"http:\/\/185.189.51.196\/~sundsvallv\/wp-json\/wp\/v2\/media?parent=231"}],"curies":[{"name":"wp","href":"https:\/\/api.w.org\/{rel}","templated":true}]}}