{"id":229,"date":"2017-01-23T16:36:51","date_gmt":"2017-01-23T15:36:51","guid":{"rendered":"http:\/\/185.189.51.196\/~sundsvallv\/?page_id=229"},"modified":"2020-11-23T15:20:02","modified_gmt":"2020-11-23T14:20:02","slug":"lista-dig-hos-oss","status":"publish","type":"page","link":"http:\/\/185.189.51.196\/~sundsvallv\/vad-vill-du-ha-hjalp-med\/lista-dig-hos-oss\/","title":{"rendered":"Lista dig hos oss"},"content":{"rendered":"<h4><strong>Hur g\u00f6r jag f\u00f6r att lista mig hos er\/v\u00e4lja er som min v\u00e5rdcentral?<\/strong><\/h4>\n<p>&nbsp;<\/p>\n<p>P\u00e5 <strong><span style=\"color: #008000;\"><a style=\"color: #008000;\" href=\"https:\/\/e-tjanster.1177.se\">www.e-tjanster.1177.se<\/a><\/span><\/strong> kan du g\u00f6ra val direkt. Du kan fylla i v\u00e5rdvalsblanketten n\u00e4r du bes\u00f6ker oss, du kan \u00e4ven ladda ner den via v\u00e5r eller Landstingets hemsida, eller s\u00e5 kan du ringa till oss. Registreringen av bytet sker oftast samma dag som du l\u00e4mnat in din blankett. Du kan byta v\u00e5rdcentral hur ofta du vill.<\/p>\n<h4>Ladda ner v\u00e5rdvalsblankett:<\/h4>\n<h5><span style=\"color: #008000;\"><a style=\"color: #008000;\" href=\"http:\/\/185.189.51.196\/~sundsvallv\/wp-content\/uploads\/2017\/01\/V\u00e5rdvalsblankett-h\u00e4lso-och-v\u00e5rdcentraler-161102.pdf\">V\u00e5rdvalsblankett Svenska<br \/>\n<\/a><\/span><br \/>\n<span style=\"color: #008000;\"><a style=\"color: #008000;\" href=\"http:\/\/185.189.51.196\/~sundsvallv\/wp-content\/uploads\/2017\/01\/v\u00e5rdvalsblankett-engelska-161102.pdf\">V\u00e5rdvalsblankett Engelska<br \/>\n<\/a><\/span><\/h5>\n<h4>Du som listar dig hos oss, och d\u00e4rmed v\u00e4ljer oss som din v\u00e5rdcentral f\u00e5r:<\/h4>\n<ul>\n<li>Tillg\u00e5ng till h\u00f6g kvalitet och god sjukv\u00e5rd fem dagar i veckan, allt p\u00e5 en och samma plats<\/li>\n<li>Bra bem\u00f6tande och trevlig atmosf\u00e4r, du f\u00e5r tr\u00e4ffa samma l\u00e4kare d\u00e5 du kommer p\u00e5\u00a0bokad tid<\/li>\n<\/ul>\n<h3>Best\u00e4ll v\u00e5rdvalsblankett<\/h3>\n<p>Fyll i formul\u00e4ret nedan s\u00e5 skickar vi blanketter och ett adresserat kuvert hem till dig inom 3 arbetsdagar.<\/p>\n<div role=\"form\" class=\"wpcf7\" id=\"wpcf7-f489-o1\" lang=\"sv-SE\" dir=\"ltr\">\n<div class=\"screen-reader-response\"><p role=\"status\" aria-live=\"polite\" aria-atomic=\"true\"><\/p> <ul><\/ul><\/div>\n<form action=\"\/~sundsvallv\/wp-json\/wp\/v2\/pages\/229#wpcf7-f489-o1\" method=\"post\" class=\"wpcf7-form init\" novalidate=\"novalidate\" data-status=\"init\">\n<div style=\"display: none;\">\n<input type=\"hidden\" name=\"_wpcf7\" value=\"489\" \/>\n<input type=\"hidden\" name=\"_wpcf7_version\" value=\"5.5.6.1\" \/>\n<input type=\"hidden\" name=\"_wpcf7_locale\" value=\"sv_SE\" \/>\n<input type=\"hidden\" name=\"_wpcf7_unit_tag\" value=\"wpcf7-f489-o1\" \/>\n<input type=\"hidden\" name=\"_wpcf7_container_post\" value=\"0\" \/>\n<input type=\"hidden\" name=\"_wpcf7_posted_data_hash\" value=\"\" \/>\n<\/div>\n<div class=\"row uniform\">\n<div class=\"6u 12u$(xsmall)\">\n    <label> F\u00f6rnamn <span class=\"wpcf7-form-control-wrap your-firstname\"><input type=\"text\" name=\"your-firstname\" value=\"\" size=\"40\" class=\"wpcf7-form-control wpcf7-text wpcf7-validates-as-required\" aria-required=\"true\" aria-invalid=\"false\" \/><\/span> <\/label>\n  <\/div>\n<div class=\"6u$ 12u$(xsmall)\">\n    <label> Efternamn <span class=\"wpcf7-form-control-wrap your-lastname\"><input type=\"text\" name=\"your-lastname\" value=\"\" size=\"40\" class=\"wpcf7-form-control wpcf7-text wpcf7-validates-as-required\" aria-required=\"true\" aria-invalid=\"false\" \/><\/span> <\/label>\n  <\/div>\n<div class=\"6u 12u$(xsmall)\">\n    <label> E-postadress <span class=\"wpcf7-form-control-wrap your-email\"><input type=\"email\" name=\"your-email\" value=\"\" size=\"40\" class=\"wpcf7-form-control wpcf7-text wpcf7-email wpcf7-validates-as-required wpcf7-validates-as-email\" aria-required=\"true\" aria-invalid=\"false\" \/><\/span> <\/label>\n  <\/div>\n<div class=\"6u$ 12u$(xsmall)\">\n    <label> Telefon <span class=\"wpcf7-form-control-wrap your-phone\"><input type=\"text\" name=\"your-phone\" value=\"\" size=\"40\" class=\"wpcf7-form-control wpcf7-text wpcf7-validates-as-required\" aria-required=\"true\" aria-invalid=\"false\" \/><\/span> <\/label>\n  <\/div>\n<div class=\"12u$\">\n    <span class=\"wpcf7-form-control-wrap your-message\"><textarea name=\"your-message\" cols=\"40\" rows=\"10\" class=\"wpcf7-form-control wpcf7-textarea\" aria-invalid=\"false\"><\/textarea><\/span>\n  <\/div>\n<p>  <input type=\"submit\" value=\"Skicka\" class=\"wpcf7-form-control has-spinner wpcf7-submit\" \/>\n<\/p><\/div>\n<div class=\"wpcf7-response-output\" aria-hidden=\"true\"><\/div><\/form><\/div>\n","protected":false},"excerpt":{"rendered":"<p>Hur g\u00f6r jag f\u00f6r att lista mig hos er\/v\u00e4lja er som min v\u00e5rdcentral? &nbsp; P\u00e5 www.e-tjanster.1177.se kan du g\u00f6ra val direkt. Du kan fylla i v\u00e5rdvalsblanketten n\u00e4r du bes\u00f6ker oss, du kan \u00e4ven ladda ner den via v\u00e5r eller Landstingets hemsida, eller s\u00e5 kan du ringa till oss. Registreringen av bytet sker oftast samma dag [&hellip;]<\/p>\n","protected":false},"author":5,"featured_media":0,"parent":181,"menu_order":0,"comment_status":"closed","ping_status":"closed","template":"","meta":[],"_links":{"self":[{"href":"http:\/\/185.189.51.196\/~sundsvallv\/wp-json\/wp\/v2\/pages\/229"}],"collection":[{"href":"http:\/\/185.189.51.196\/~sundsvallv\/wp-json\/wp\/v2\/pages"}],"about":[{"href":"http:\/\/185.189.51.196\/~sundsvallv\/wp-json\/wp\/v2\/types\/page"}],"author":[{"embeddable":true,"href":"http:\/\/185.189.51.196\/~sundsvallv\/wp-json\/wp\/v2\/users\/5"}],"replies":[{"embeddable":true,"href":"http:\/\/185.189.51.196\/~sundsvallv\/wp-json\/wp\/v2\/comments?post=229"}],"version-history":[{"count":6,"href":"http:\/\/185.189.51.196\/~sundsvallv\/wp-json\/wp\/v2\/pages\/229\/revisions"}],"predecessor-version":[{"id":847,"href":"http:\/\/185.189.51.196\/~sundsvallv\/wp-json\/wp\/v2\/pages\/229\/revisions\/847"}],"up":[{"embeddable":true,"href":"http:\/\/185.189.51.196\/~sundsvallv\/wp-json\/wp\/v2\/pages\/181"}],"wp:attachment":[{"href":"http:\/\/185.189.51.196\/~sundsvallv\/wp-json\/wp\/v2\/media?parent=229"}],"curies":[{"name":"wp","href":"https:\/\/api.w.org\/{rel}","templated":true}]}}