{"id":225,"date":"2017-01-23T16:36:27","date_gmt":"2017-01-23T15:36:27","guid":{"rendered":"http:\/\/185.189.51.196\/~sundsvallv\/?page_id=225"},"modified":"2020-11-23T15:20:40","modified_gmt":"2020-11-23T14:20:40","slug":"vaccination","status":"publish","type":"page","link":"http:\/\/185.189.51.196\/~sundsvallv\/vad-vill-du-ha-hjalp-med\/vaccination\/","title":{"rendered":"Vaccination"},"content":{"rendered":"<div class='content-column one_half'><strong>Vaccin \u00e4r viktigt f\u00f6r att undvika sv\u00e5rare sjukdom<\/strong><\/p>\n<p>&nbsp;<\/p>\n<h5>S\u00e4songsinfluensan<\/h5>\n<p>dyker upp varje vinter och det \u00e4r olika former av virus fr\u00e5n s\u00e4song till s\u00e4song. Det g\u00f6r att vaccinationen m\u00e5ste f\u00f6rnyas varje \u00e5r. Personer som \u00e4r 65 \u00e5r eller \u00e4ldre b\u00f6r vaccinera sig liksom de som tillh\u00f6r n\u00e5gon av riskgrupperna.<\/p>\n<p>&nbsp;<\/p>\n<p>&nbsp;<\/p><\/div>\n<div class='content-column one_half'><h3><img loading=\"lazy\" class=\"alignnone wp-image-301\" src=\"http:\/\/185.189.51.196\/~sundsvallv\/wp-content\/uploads\/2017\/01\/Vaccin.jpg\" width=\"500\" height=\"333\" srcset=\"http:\/\/185.189.51.196\/~sundsvallv\/wp-content\/uploads\/2017\/01\/Vaccin.jpg 709w, http:\/\/185.189.51.196\/~sundsvallv\/wp-content\/uploads\/2017\/01\/Vaccin-300x200.jpg 300w\" sizes=\"(max-width: 500px) 100vw, 500px\" \/><\/h3><\/div>\n<p>&nbsp;<\/p>\n<h5>\u00d6vriga vaccinationer:<\/h5>\n<p>f\u00f6r recept och bokning av vaccination, ringer du till v\u00e5r distriktssk\u00f6terska 060 -658 12 10 eller via\u00a0<strong><span style=\"color: #008000;\"><a style=\"color: #008000;\" href=\"https:\/\/e-tjanster.1177.se\">www.e-tjanster.1177.se<\/a><\/span><\/strong><\/p>\n<p>&nbsp;<\/p>\n<h5>R\u00e5dgivning dygnet runt<\/h5>\n<p>R\u00e5dgivning kan du \u00e4ven f\u00e5 dygnet runt genom att ringa 1177, eller via webben <a class=\"cm_anchor\" href=\"http:\/\/www.1177.se\/\" target=\"_blank\" rel=\"noopener noreferrer\">www.1177.se<\/a><\/p>\n<p>&nbsp;<\/p>\n<p>&nbsp;<\/p>\n","protected":false},"excerpt":{"rendered":"<p>&nbsp; \u00d6vriga vaccinationer: f\u00f6r recept och bokning av vaccination, ringer du till v\u00e5r distriktssk\u00f6terska 060 -658 12 10 eller via\u00a0www.e-tjanster.1177.se &nbsp; R\u00e5dgivning dygnet runt R\u00e5dgivning kan du \u00e4ven f\u00e5 dygnet runt genom att ringa 1177, eller via webben www.1177.se &nbsp; &nbsp;<\/p>\n","protected":false},"author":5,"featured_media":0,"parent":181,"menu_order":0,"comment_status":"closed","ping_status":"closed","template":"","meta":[],"_links":{"self":[{"href":"http:\/\/185.189.51.196\/~sundsvallv\/wp-json\/wp\/v2\/pages\/225"}],"collection":[{"href":"http:\/\/185.189.51.196\/~sundsvallv\/wp-json\/wp\/v2\/pages"}],"about":[{"href":"http:\/\/185.189.51.196\/~sundsvallv\/wp-json\/wp\/v2\/types\/page"}],"author":[{"embeddable":true,"href":"http:\/\/185.189.51.196\/~sundsvallv\/wp-json\/wp\/v2\/users\/5"}],"replies":[{"embeddable":true,"href":"http:\/\/185.189.51.196\/~sundsvallv\/wp-json\/wp\/v2\/comments?post=225"}],"version-history":[{"count":6,"href":"http:\/\/185.189.51.196\/~sundsvallv\/wp-json\/wp\/v2\/pages\/225\/revisions"}],"predecessor-version":[{"id":848,"href":"http:\/\/185.189.51.196\/~sundsvallv\/wp-json\/wp\/v2\/pages\/225\/revisions\/848"}],"up":[{"embeddable":true,"href":"http:\/\/185.189.51.196\/~sundsvallv\/wp-json\/wp\/v2\/pages\/181"}],"wp:attachment":[{"href":"http:\/\/185.189.51.196\/~sundsvallv\/wp-json\/wp\/v2\/media?parent=225"}],"curies":[{"name":"wp","href":"https:\/\/api.w.org\/{rel}","templated":true}]}}