{"id":223,"date":"2017-01-23T16:36:18","date_gmt":"2017-01-23T15:36:18","guid":{"rendered":"http:\/\/185.189.51.196\/~sundsvallv\/?page_id=223"},"modified":"2019-03-26T12:27:07","modified_gmt":"2019-03-26T11:27:07","slug":"fornya-recept","status":"publish","type":"page","link":"http:\/\/185.189.51.196\/~sundsvallv\/vad-vill-du-ha-hjalp-med\/fornya-recept\/","title":{"rendered":"F\u00f6rnya recept"},"content":{"rendered":"<h5>F\u00f6rnya ditt recept<\/h5>\n<p>F\u00f6rnya ditt recept smidigt och s\u00e4kert via webben\u00a0<strong><span style=\"color: #008000;\"><a style=\"color: #008000;\" href=\"https:\/\/e-tjanster.1177.se\">www.e-tjanster.1177.se<\/a><\/span><\/strong>\u00a0, i andra hand kan du ringa 060 &#8211; 658 12 10 f\u00f6r f\u00f6rnyelse av recept.<\/p>\n<p>Vi f\u00f6rnyar dina recept om du \u00e4r listad hos Sundsvalls V\u00e5rdcentral och har l\u00e5ngvarig eller ofta \u00e5terkommande medicinering. Detta g\u00e4ller om du tidigare f\u00e5tt f\u00f6rskrivet recept fr\u00e5n v\u00e5rdcentralen och det inte finns behov av f\u00f6rnyad l\u00e4karbed\u00f6mning.<\/p>\n<p>Detta g\u00e4ller ej l\u00e4kemedel som \u00e4r klassade som beroendeframkallande (t.ex. vissa s\u00f6mnmedel, starka v\u00e4rktabletter och \u00e5ngestd\u00e4mpande l\u00e4kemedel)<\/p>\n<h5>Preventivmedel<\/h5>\n<p>F\u00f6r att f\u00f6rnya recept p\u00e5 preventivmedel kontaktar du v\u00e5r barnmorska via webben\u00a0<strong><span style=\"color: #008000;\"><a style=\"color: #008000;\" href=\"https:\/\/e-tjanster.1177.se\">www.e-tjanster.1177.se<\/a><\/span><\/strong> eller\u00a0p\u00e5 telefon 060 &#8211; 658 12 10.<\/p>\n<p>&nbsp;<\/p>\n<h5>H\u00e4mta ut medicinen<\/h5>\n<p>Det f\u00f6rnyade receptet kan h\u00e4mtas ut p\u00e5 valfritt apotek i Sverige. Obs! Ingen bekr\u00e4ftelse sker vid receptf\u00f6rskrivning fr\u00e5n Sundsvalls V\u00e5rdcentral.<\/p>\n<p>Recept f\u00e4rdigst\u00e4lls normalt inom tre &#8211; fem vardagar<\/p>\n<p>F\u00f6r kontroll om receptet \u00e4r klart kan du ringa Apotekets servicetelefon: 0771-450 450.<\/p>\n","protected":false},"excerpt":{"rendered":"<p>F\u00f6rnya ditt recept F\u00f6rnya ditt recept smidigt och s\u00e4kert via webben\u00a0www.e-tjanster.1177.se\u00a0, i andra hand kan du ringa 060 &#8211; 658 12 10 f\u00f6r f\u00f6rnyelse av recept. Vi f\u00f6rnyar dina recept om du \u00e4r listad hos Sundsvalls V\u00e5rdcentral och har l\u00e5ngvarig eller ofta \u00e5terkommande medicinering. Detta g\u00e4ller om du tidigare f\u00e5tt f\u00f6rskrivet recept fr\u00e5n v\u00e5rdcentralen och [&hellip;]<\/p>\n","protected":false},"author":5,"featured_media":0,"parent":181,"menu_order":0,"comment_status":"closed","ping_status":"closed","template":"","meta":[],"_links":{"self":[{"href":"http:\/\/185.189.51.196\/~sundsvallv\/wp-json\/wp\/v2\/pages\/223"}],"collection":[{"href":"http:\/\/185.189.51.196\/~sundsvallv\/wp-json\/wp\/v2\/pages"}],"about":[{"href":"http:\/\/185.189.51.196\/~sundsvallv\/wp-json\/wp\/v2\/types\/page"}],"author":[{"embeddable":true,"href":"http:\/\/185.189.51.196\/~sundsvallv\/wp-json\/wp\/v2\/users\/5"}],"replies":[{"embeddable":true,"href":"http:\/\/185.189.51.196\/~sundsvallv\/wp-json\/wp\/v2\/comments?post=223"}],"version-history":[{"count":5,"href":"http:\/\/185.189.51.196\/~sundsvallv\/wp-json\/wp\/v2\/pages\/223\/revisions"}],"predecessor-version":[{"id":763,"href":"http:\/\/185.189.51.196\/~sundsvallv\/wp-json\/wp\/v2\/pages\/223\/revisions\/763"}],"up":[{"embeddable":true,"href":"http:\/\/185.189.51.196\/~sundsvallv\/wp-json\/wp\/v2\/pages\/181"}],"wp:attachment":[{"href":"http:\/\/185.189.51.196\/~sundsvallv\/wp-json\/wp\/v2\/media?parent=223"}],"curies":[{"name":"wp","href":"https:\/\/api.w.org\/{rel}","templated":true}]}}