{"id":187,"date":"2017-01-23T11:47:06","date_gmt":"2017-01-23T10:47:06","guid":{"rendered":"http:\/\/185.189.51.196\/~sundsvallv\/?page_id=187"},"modified":"2019-03-26T13:42:58","modified_gmt":"2019-03-26T12:42:58","slug":"kontakt","status":"publish","type":"page","link":"http:\/\/185.189.51.196\/~sundsvallv\/kontakt\/","title":{"rendered":"Kontakt"},"content":{"rendered":"<p><strong>E-post:<br \/>\n<\/strong>F\u00f6r dig som patient som vill kontakta oss via webben om t.ex. receptf\u00f6rnyelse, tidsbokning m.m. logga in p\u00e5\u00a0<strong><span style=\"color: #008000;\"><a style=\"color: #008000;\" href=\"https:\/\/e-tjanster.1177.se\">www.e-tjanster.1177.se<\/a><\/span><\/strong><\/p>\n<p><a href=\"https:\/\/e-tjanster.1177.se \"><img loading=\"lazy\" class=\"alignnone wp-image-760 size-medium\" src=\"http:\/\/185.189.51.196\/~sundsvallv\/wp-content\/uploads\/2019\/03\/v\u00e5rdguiden-1-300x71.png\" alt=\"\" width=\"300\" height=\"71\" srcset=\"http:\/\/185.189.51.196\/~sundsvallv\/wp-content\/uploads\/2019\/03\/v\u00e5rdguiden-1-300x71.png 300w, http:\/\/185.189.51.196\/~sundsvallv\/wp-content\/uploads\/2019\/03\/v\u00e5rdguiden-1.png 600w\" sizes=\"(max-width: 300px) 100vw, 300px\" \/><\/a><\/p>\n<p>&nbsp;<\/p>\n<p><span style=\"color: #999999;\"><em>Vi hanterar alla personuppgifter enligt lagen om GDPR. Vi v\u00e4rnar om din integritet. Du kan k\u00e4nna dig trygg n\u00e4r du anf\u00f6rtror dina personuppgifter till oss. V\u00e5r policy \u00e4r att inte behandla fler personuppgifter \u00e4n vad som beh\u00f6vs f\u00f6r att ge dig v\u00e5r b\u00e4sta service. Vi g\u00f6r inga kundutskick eller direktmarknadsf\u00f6ring. Om du som kund inte godk\u00e4nner hantering av era uppgifter ber vi er att kontakta oss s\u00e5 vi kan ta bort dessa ur v\u00e5ra kundregister.<\/em><\/span><\/p>\n<p><strong>\u00a0<\/strong><\/p>\n","protected":false},"excerpt":{"rendered":"<p>E-post: F\u00f6r dig som patient som vill kontakta oss via webben om t.ex. receptf\u00f6rnyelse, tidsbokning m.m. logga in p\u00e5\u00a0www.e-tjanster.1177.se &nbsp; Vi hanterar alla personuppgifter enligt lagen om GDPR. Vi v\u00e4rnar om din integritet. Du kan k\u00e4nna dig trygg n\u00e4r du anf\u00f6rtror dina personuppgifter till oss. V\u00e5r policy \u00e4r att inte behandla fler personuppgifter \u00e4n vad [&hellip;]<\/p>\n","protected":false},"author":5,"featured_media":0,"parent":0,"menu_order":0,"comment_status":"closed","ping_status":"closed","template":"contactpage.php","meta":[],"_links":{"self":[{"href":"http:\/\/185.189.51.196\/~sundsvallv\/wp-json\/wp\/v2\/pages\/187"}],"collection":[{"href":"http:\/\/185.189.51.196\/~sundsvallv\/wp-json\/wp\/v2\/pages"}],"about":[{"href":"http:\/\/185.189.51.196\/~sundsvallv\/wp-json\/wp\/v2\/types\/page"}],"author":[{"embeddable":true,"href":"http:\/\/185.189.51.196\/~sundsvallv\/wp-json\/wp\/v2\/users\/5"}],"replies":[{"embeddable":true,"href":"http:\/\/185.189.51.196\/~sundsvallv\/wp-json\/wp\/v2\/comments?post=187"}],"version-history":[{"count":5,"href":"http:\/\/185.189.51.196\/~sundsvallv\/wp-json\/wp\/v2\/pages\/187\/revisions"}],"predecessor-version":[{"id":773,"href":"http:\/\/185.189.51.196\/~sundsvallv\/wp-json\/wp\/v2\/pages\/187\/revisions\/773"}],"wp:attachment":[{"href":"http:\/\/185.189.51.196\/~sundsvallv\/wp-json\/wp\/v2\/media?parent=187"}],"curies":[{"name":"wp","href":"https:\/\/api.w.org\/{rel}","templated":true}]}}