{"id":185,"date":"2017-01-23T11:46:58","date_gmt":"2017-01-23T10:46:58","guid":{"rendered":"http:\/\/185.189.51.196\/~sundsvallv\/?page_id=185"},"modified":"2020-11-23T14:48:27","modified_gmt":"2020-11-23T13:48:27","slug":"mina-vardkontakter","status":"publish","type":"page","link":"http:\/\/185.189.51.196\/~sundsvallv\/mina-vardkontakter\/","title":{"rendered":"Om oss"},"content":{"rendered":"<h3>Sundsvalls V\u00e5rdcentral Sk\u00f6nsmon\u00a0 har \u00f6ppet vardagar 08.00-16.30<\/h3>\n<p><strong>Tid\u00a0bokas<\/strong>\u00a0till l\u00e4kare &amp; distriktssk\u00f6terska: m\u00e5ndag &#8211; fredag 09.00-12:00 &#8211; 13.00 &#8211; 16.00<br \/>\n<strong>Telefontid<\/strong> 08.00-16.30 m\u00e5n-fredag\u00a0tel: 060-658 12 10.<\/p>\n<h4>Sundsvalls V\u00e5rdcentral Sk\u00f6nsmon, Skiftesv\u00e4gen 1:<\/h4>\n<ul>\n<li>Halima Gynekolog\/\u00d6verl\u00e4kare. F\u00f6r tidsbokning ring barnmorska tel: 060-658 12 10 + tryck f\u00f6rval MVC<\/li>\n<li>Anwar Barn och ungdomsl\u00e4kare\/\u00d6verl\u00e4kare \/specialist i allm\u00e4nmedicin<\/li>\n<li>Afshin Ortoped, arbetar regelbundet hos oss som konsultl\u00e4kare. Remiss g\u00e5r via din familjel\u00e4kare<\/li>\n<li>Lena Familjel\u00e4kare\/Specialist i allm\u00e4nmedicin<\/li>\n<li>Raghad\u00a0 ST-l\u00e4kare i allm\u00e4n medicin<\/li>\n<li>Hassan Familjel\u00e4kare\/Specialist i allm\u00e4n medicin<\/li>\n<li>Samir\u00a0 Hj\u00e4rtl\u00e4kare \/ST i allm\u00e4n medicin\/ Specialist inom hj\u00e4rt och k\u00e4rlsjukdomar och kardiolog<\/li>\n<li>Amir ST- l\u00e4kare i allm\u00e4n medicin<\/li>\n<\/ul>\n<h4>Distriktssk\u00f6terskor\/Barnmorskor<\/h4>\n<p>Till distriktssk\u00f6terskan kan du bland annat v\u00e4nda dig f\u00f6r s\u00e5roml\u00e4ggning, ta bort stygn, m\u00e4ta blodtryck, astma\/KOL, diabetes, infektioner samt r\u00e5dgivning kring h\u00e4lsa, tobak, kost, motion och vikt.<\/p>\n<ul>\n<li>Anna Distriktssk\u00f6terska<\/li>\n<li>Anneli Distriktssk\u00f6terska\/BVC Sk\u00f6terska<\/li>\n<li>Helene Distriktssk\u00f6terska\/Diabetessk\u00f6terska<\/li>\n<li>Kristin Distriktssk\u00f6terska\/Inkontinenssk\u00f6terska\/Demenssk\u00f6terska<\/li>\n<li>Sofie Leg. Sjuksk\u00f6terska\/Samordningssk\u00f6terska\/H\u00e4lsov\u00e4gledare<\/li>\n<li>Britta-Stina Leg.Sjuksk\u00f6terska\/Barnmorska<\/li>\n<li>Sari Leg. Barnmorska<\/li>\n<\/ul>\n<p>&nbsp;<\/p>\n<p>&nbsp;<\/p>\n<p><strong>Telefontid<\/strong> 08.00-16.30 m\u00e5n-fredag\u00a0tel: 060-658 12 10.<\/p>\n<h4>\u00d6vrig information<\/h4>\n<h4>Vi har anpassat oss efter Landstingets rekommendationer\u00a0att f\u00e5 b\u00e4ttre kontinuitet f\u00f6r v\u00e5ra patienter hos egen l\u00e4kare.<\/h4>\n<p>Vi ut\u00f6kar akuta och bokade bes\u00f6k hos egen familjel\u00e4kare och kommer d\u00e4rf\u00f6r att ha st\u00e4ngt under helgerna.\u00a0Du som blir akut sjuk kan alltid tr\u00e4ffa en jourl\u00e4kare p\u00e5 dagtid under vardagar hos oss! Ring till v\u00e5ra distriktssk\u00f6terskor p\u00e5 tel: 060-658 12 10 s\u00e5 bokar de tid f\u00f6r dig!<\/p>\n<p>Blir du sjuk under helgen s\u00e5 ringer du tel 1177 f\u00f6r bed\u00f6mning om du skall s\u00f6ka akut p\u00e5 Prim\u00e4rv\u00e5rdsjouren.<\/p>\n<p>Helgdagar som Ny\u00e5r, Trettondagen, P\u00e5sk, 1:a Maj, Kristi\u00a0Himmelsf\u00e4rdsdag, Pingst,\u00a0Nationaldagen, Midsommar, Alla Helgonsdag samt Jul har vi st\u00e4ngt.<\/p>\n","protected":false},"excerpt":{"rendered":"<p>Sundsvalls V\u00e5rdcentral Sk\u00f6nsmon\u00a0 har \u00f6ppet vardagar 08.00-16.30 Tid\u00a0bokas\u00a0till l\u00e4kare &amp; distriktssk\u00f6terska: m\u00e5ndag &#8211; fredag 09.00-12:00 &#8211; 13.00 &#8211; 16.00 Telefontid 08.00-16.30 m\u00e5n-fredag\u00a0tel: 060-658 12 10. Sundsvalls V\u00e5rdcentral Sk\u00f6nsmon, Skiftesv\u00e4gen 1: Halima Gynekolog\/\u00d6verl\u00e4kare. F\u00f6r tidsbokning ring barnmorska tel: 060-658 12 10 + tryck f\u00f6rval MVC Anwar Barn och ungdomsl\u00e4kare\/\u00d6verl\u00e4kare \/specialist i allm\u00e4nmedicin Afshin Ortoped, arbetar regelbundet [&hellip;]<\/p>\n","protected":false},"author":5,"featured_media":0,"parent":0,"menu_order":0,"comment_status":"closed","ping_status":"closed","template":"","meta":[],"_links":{"self":[{"href":"http:\/\/185.189.51.196\/~sundsvallv\/wp-json\/wp\/v2\/pages\/185"}],"collection":[{"href":"http:\/\/185.189.51.196\/~sundsvallv\/wp-json\/wp\/v2\/pages"}],"about":[{"href":"http:\/\/185.189.51.196\/~sundsvallv\/wp-json\/wp\/v2\/types\/page"}],"author":[{"embeddable":true,"href":"http:\/\/185.189.51.196\/~sundsvallv\/wp-json\/wp\/v2\/users\/5"}],"replies":[{"embeddable":true,"href":"http:\/\/185.189.51.196\/~sundsvallv\/wp-json\/wp\/v2\/comments?post=185"}],"version-history":[{"count":6,"href":"http:\/\/185.189.51.196\/~sundsvallv\/wp-json\/wp\/v2\/pages\/185\/revisions"}],"predecessor-version":[{"id":846,"href":"http:\/\/185.189.51.196\/~sundsvallv\/wp-json\/wp\/v2\/pages\/185\/revisions\/846"}],"wp:attachment":[{"href":"http:\/\/185.189.51.196\/~sundsvallv\/wp-json\/wp\/v2\/media?parent=185"}],"curies":[{"name":"wp","href":"https:\/\/api.w.org\/{rel}","templated":true}]}}