{"id":183,"date":"2017-01-23T11:46:51","date_gmt":"2017-01-23T10:46:51","guid":{"rendered":"http:\/\/185.189.51.196\/~sundsvallv\/?page_id=183"},"modified":"2018-01-31T11:41:51","modified_gmt":"2018-01-31T10:41:51","slug":"var-verksamhet","status":"publish","type":"page","link":"http:\/\/185.189.51.196\/~sundsvallv\/var-verksamhet\/","title":{"rendered":"V\u00e5r verksamhet"},"content":{"rendered":"<p>V\u00e4nligen v\u00e4lj alternativ i menyn under &#8221;V\u00e5r Verksamhet&#8221;<\/p>\n","protected":false},"excerpt":{"rendered":"<p>V\u00e4nligen v\u00e4lj alternativ i menyn under &#8221;V\u00e5r Verksamhet&#8221;<\/p>\n","protected":false},"author":5,"featured_media":0,"parent":0,"menu_order":0,"comment_status":"closed","ping_status":"closed","template":"","meta":[],"_links":{"self":[{"href":"http:\/\/185.189.51.196\/~sundsvallv\/wp-json\/wp\/v2\/pages\/183"}],"collection":[{"href":"http:\/\/185.189.51.196\/~sundsvallv\/wp-json\/wp\/v2\/pages"}],"about":[{"href":"http:\/\/185.189.51.196\/~sundsvallv\/wp-json\/wp\/v2\/types\/page"}],"author":[{"embeddable":true,"href":"http:\/\/185.189.51.196\/~sundsvallv\/wp-json\/wp\/v2\/users\/5"}],"replies":[{"embeddable":true,"href":"http:\/\/185.189.51.196\/~sundsvallv\/wp-json\/wp\/v2\/comments?post=183"}],"version-history":[{"count":2,"href":"http:\/\/185.189.51.196\/~sundsvallv\/wp-json\/wp\/v2\/pages\/183\/revisions"}],"predecessor-version":[{"id":675,"href":"http:\/\/185.189.51.196\/~sundsvallv\/wp-json\/wp\/v2\/pages\/183\/revisions\/675"}],"wp:attachment":[{"href":"http:\/\/185.189.51.196\/~sundsvallv\/wp-json\/wp\/v2\/media?parent=183"}],"curies":[{"name":"wp","href":"https:\/\/api.w.org\/{rel}","templated":true}]}}