{"id":181,"date":"2017-01-23T11:46:44","date_gmt":"2017-01-23T10:46:44","guid":{"rendered":"http:\/\/185.189.51.196\/~sundsvallv\/?page_id=181"},"modified":"2017-02-08T11:56:06","modified_gmt":"2017-02-08T10:56:06","slug":"vad-vill-du-ha-hjalp-med","status":"publish","type":"page","link":"http:\/\/185.189.51.196\/~sundsvallv\/vad-vill-du-ha-hjalp-med\/","title":{"rendered":"Vad vill du ha hj\u00e4lp med?"},"content":{"rendered":"<div class='content-column one_half'><h4>Klicka p\u00e5 det alternativ som passar dig b\u00e4st<\/h4>\n<p>&nbsp;<\/p>\n<h2><a href=\"http:\/\/185.189.51.196\/~sundsvallv\/vad-vill-du-ha-hjalp-med\/boka-tid-avboka-tid\/\">Boka \/ Avboka tid<\/a><\/h2>\n<h2><a href=\"http:\/\/185.189.51.196\/~sundsvallv\/vad-vill-du-ha-hjalp-med\/fornya-recept\/\">F\u00f6rnya Recept<\/a><\/h2>\n<h2><a href=\"http:\/\/185.189.51.196\/~sundsvallv\/vad-vill-du-ha-hjalp-med\/vaccination\/\">Vaccination<\/a><\/h2>\n<h2><a href=\"http:\/\/185.189.51.196\/~sundsvallv\/vad-vill-du-ha-hjalp-med\/lista-dig-hos-oss\/\">Lista Dig Hos oss<\/a><\/h2>\n<h2><a href=\"http:\/\/185.189.51.196\/~sundsvallv\/vad-vill-du-ha-hjalp-med\/vanliga-fragor\/\">Vanliga fr\u00e5gor &amp; Svar<\/a><\/h2><\/div>\n<div class='content-column one_half'><p><img loading=\"lazy\" class=\"wp-image-327 aligncenter\" src=\"http:\/\/185.189.51.196\/~sundsvallv\/wp-content\/uploads\/2017\/01\/vad-vill.jpg\" width=\"450\" height=\"342\" srcset=\"http:\/\/185.189.51.196\/~sundsvallv\/wp-content\/uploads\/2017\/01\/vad-vill.jpg 594w, http:\/\/185.189.51.196\/~sundsvallv\/wp-content\/uploads\/2017\/01\/vad-vill-300x228.jpg 300w\" sizes=\"(max-width: 450px) 100vw, 450px\" \/><\/p><\/div>\n","protected":false},"excerpt":{"rendered":"","protected":false},"author":5,"featured_media":0,"parent":0,"menu_order":0,"comment_status":"closed","ping_status":"closed","template":"","meta":[],"_links":{"self":[{"href":"http:\/\/185.189.51.196\/~sundsvallv\/wp-json\/wp\/v2\/pages\/181"}],"collection":[{"href":"http:\/\/185.189.51.196\/~sundsvallv\/wp-json\/wp\/v2\/pages"}],"about":[{"href":"http:\/\/185.189.51.196\/~sundsvallv\/wp-json\/wp\/v2\/types\/page"}],"author":[{"embeddable":true,"href":"http:\/\/185.189.51.196\/~sundsvallv\/wp-json\/wp\/v2\/users\/5"}],"replies":[{"embeddable":true,"href":"http:\/\/185.189.51.196\/~sundsvallv\/wp-json\/wp\/v2\/comments?post=181"}],"version-history":[{"count":5,"href":"http:\/\/185.189.51.196\/~sundsvallv\/wp-json\/wp\/v2\/pages\/181\/revisions"}],"predecessor-version":[{"id":460,"href":"http:\/\/185.189.51.196\/~sundsvallv\/wp-json\/wp\/v2\/pages\/181\/revisions\/460"}],"wp:attachment":[{"href":"http:\/\/185.189.51.196\/~sundsvallv\/wp-json\/wp\/v2\/media?parent=181"}],"curies":[{"name":"wp","href":"https:\/\/api.w.org\/{rel}","templated":true}]}}