{"id":179,"date":"2017-01-23T11:39:02","date_gmt":"2017-01-23T10:39:02","guid":{"rendered":"http:\/\/185.189.51.196\/~sundsvallv\/?page_id=179"},"modified":"2021-04-28T12:28:12","modified_gmt":"2021-04-28T10:28:12","slug":"start","status":"publish","type":"page","link":"http:\/\/185.189.51.196\/~sundsvallv\/","title":{"rendered":"Start"},"content":{"rendered":"<h2>V\u00e4lkommen till Sundsvalls V\u00e5rdcentral<\/h2>\n<p>V\u00e5rdcentral SK\u00d6NSMON<\/p>\n<p><strong>\u00d6ppettider<\/strong>:\u00a0 vardagar 08.00 &#8211; 16.30<\/p>\n<p><strong>Lunchst\u00e4ngt<\/strong>: 12.15-12.45<\/p>\n<h4><a href=\"http:\/\/185.189.51.196\/~sundsvallv\/kontakt\/\"><img loading=\"lazy\" class=\"alignleft wp-image-203\" src=\"http:\/\/185.189.51.196\/~sundsvallv\/wp-content\/uploads\/2017\/01\/kontaktlur.png\" width=\"75\" height=\"75\" \/><\/a>F\u00f6r r\u00e5dgivning ring 1177<br \/>\nF\u00f6r tidsbokning och \u00f6vriga fr\u00e5gor ring 060 &#8211; 658 12 10<\/h4>\n<p>&nbsp;<\/p>\n<p>Att v\u00e4lja oss som din v\u00e5rdcentral<\/p>\n<h3>Du som listar dig hos oss, och d\u00e4rmed v\u00e4ljer oss som din v\u00e5rdcentral f\u00e5r:<\/h3>\n<ul>\n<li>Tillg\u00e5ng till h\u00f6g kvalitet och god sjukv\u00e5rd fem dagar i veckan, allt p\u00e5 en och samma plats<\/li>\n<li>Bra bem\u00f6tande och trevlig atmosf\u00e4r, du f\u00e5r tr\u00e4ffa samma l\u00e4kare d\u00e5 du kommer p\u00e5\u00a0bokad tid<\/li>\n<\/ul>\n<p>&nbsp;<\/p>\n<h1><strong>Pandemin ger stor p\u00e5verkan p\u00e5 h\u00e4lso- och v\u00e5rdcentralerna<\/strong><\/h1>\n<p>H\u00e4lso- och v\u00e5rdcentralerna i Region V\u00e4sternorrland befinner sig just nu i en situation d\u00e4r resurser beh\u00f6vs b\u00e5de till att f\u00f6rst\u00e4rka inom sjukhusens covid-v\u00e5rd och till vaccinering mot covid-19. D\u00e4rf\u00f6r har det fattats beslut om att h\u00e4lso- och v\u00e5rdcentralerna nu har m\u00f6jlighet att endast bedriva akut och n\u00f6dv\u00e4ndig v\u00e5rd.<\/p>\n<p>H\u00e4lso- och v\u00e5rdcentralerna har nu en betydande p\u00e5verkan p\u00e5 grund av arbetet kring den p\u00e5g\u00e5ende pandemin och beh\u00f6ver d\u00e4rf\u00f6r g\u00e5 ner till att fr\u00e4mst erbjuda akut och n\u00f6dv\u00e4ndig v\u00e5rd. Det betyder att prim\u00e4rv\u00e5rden inte kommer att kunna uppr\u00e4tth\u00e5lla samma v\u00e5rd som tidigare, utan kan \u00f6verg\u00e5 till att endast erbjuda den v\u00e5rd som inte kan v\u00e4nta och som \u00e4r n\u00f6dv\u00e4ndig i olika delar av l\u00e4net.<\/p>\n<p><strong>Akut och n\u00f6dv\u00e4ndig v\u00e5rd<\/strong><\/p>\n<p>Att h\u00e4lso- och v\u00e5rdcentralerna, b\u00e5de regiondrivna och privata, g\u00e5r ned till att bedriva akut och n\u00f6dv\u00e4ndig v\u00e5rd inneb\u00e4r bland annat att det f\u00f6rebyggande arbetet inte kommer att kunna uppr\u00e4tth\u00e5llas i samma omfattning som tidigare. Till exempel kan det h\u00e4nda att du som patient inte blir kallad till uppf\u00f6ljning som planerat eller till h\u00e4lsosamtal. \u00c4ven tillg\u00e4ngligheten i telefonmottagningarna p\u00e5verkas och v\u00e4ntetider kan \u00f6ka.<\/p>\n<p>&#8211; Det \u00e4r naturligtvis mycket tr\u00e5kigt n\u00e4r prim\u00e4rv\u00e5rden inte kan uppr\u00e4tth\u00e5lla tillg\u00e4ngligheten och bedriva normal verksamhet. Men covid-v\u00e5rden och vaccinationsarbetet \u00e4r prioriterade uppdrag och beh\u00f6ver fortg\u00e5 med fortsatt h\u00f6g intensitet som f\u00f6rhoppningsvis kommer att leda till minskad smittspridning och minskat behov av v\u00e5rd. Vi hoppas d\u00e4rf\u00f6r p\u00e5 f\u00f6rst\u00e5else fr\u00e5n allm\u00e4nheten \u00f6ver att vi beh\u00f6ver begr\u00e4nsa utbudet fr\u00e5n h\u00e4lso- och v\u00e5rdcentralerna under en tid med anledning av pandemin s\u00e4ger Ingeborg Wiksten (L), V\u00e5rdvalsutskottets ordf\u00f6rande, Region V\u00e4sternorrland.<\/p>\n<p>Det \u00e4r nu viktigt att vi alla f\u00f6ljer Folkh\u00e4lsomyndighetens rekommendationer f\u00f6r att h\u00e5lla ner smittspridning och d\u00e4rmed skapa utrymme f\u00f6r v\u00e5rden och vaccinationsarbetet.<\/p>\n<p><strong>1177 f\u00f6r r\u00e5dgivning<\/strong><\/p>\n<p>Det \u00e4r viktigt att alla forts\u00e4tter s\u00f6ka hj\u00e4lp och r\u00e5d f\u00f6r den v\u00e5rd man beh\u00f6ver. \u00c4r du sjuk och beh\u00f6ver r\u00e5d om egenv\u00e5rd, g\u00e5 in p\u00e5 webbsidan 1177.se. D\u00e4r finns information om vad du kan g\u00f6ra sj\u00e4lv f\u00f6r att m\u00e5 b\u00e4ttre och snabbare bli frisk.<\/p>\n<p>\u00c4r du i behov av v\u00e5rd och r\u00e5d om egenv\u00e5rd inte r\u00e4cker ringer du din h\u00e4lso-\/v\u00e5rdcentral. F\u00f6r att minska smittspridning har vi ingen drop-in, kontakta din h\u00e4lsocentral f\u00f6rst f\u00f6r medicinsk bed\u00f6mning.<\/p>\n<p>N\u00e4r din h\u00e4lsocentral \u00e4r st\u00e4ngd och du inte kan v\u00e4nta till morgondagen ringer du 1177. D\u00e4r f\u00e5r du individanpassade r\u00e5d av en sjuksk\u00f6terska om vad du kan g\u00f6ra sj\u00e4lv eller vart du ska v\u00e4nda dig om du beh\u00f6ver sjukv\u00e5rd.<\/p>\n<p>&nbsp;<\/p>\n<p>&nbsp;<\/p>\n<h1><strong>Videobes\u00f6k<\/strong><\/h1>\n<p>F\u00f6r att kunna ha ett videobes\u00f6k beh\u00f6ver du en telefon, surfplatta eller dator som har kamera och internetuppkoppling. L\u00e4nk kommer att skickas ut via det mobilnummer eller mail som st\u00e5r i din journal, g\u00e5 g\u00e4rna in p\u00e5 <a href=\"http:\/\/www.1177.se\">www.1177.se<\/a> och kontrollera att dessa st\u00e4mmer. Skulle dessa inte st\u00e4mma v\u00e4nligen \u00e4ndra det i god tid till bes\u00f6ket online via <a href=\"http:\/\/www.1177.se\">www.1177.se<\/a>. Om du anv\u00e4nder en telefon eller surfplatta beh\u00f6ver du ladda ner en app som heter VIDEO CARE. F\u00f6lj sedan instruktionerna via l\u00e4nken och g\u00e5 in i samtalsrummet n\u00e5gra minuter innan avtalad tid.<br \/>\nAtt t\u00e4nka p\u00e5:<\/p>\n<ul>\n<li>F\u00f6rs\u00f6k sitta i en lugn milj\u00f6 och g\u00e4rna avskilt<\/li>\n<li>T\u00e4nk p\u00e5 att inte ha f\u00f6r m\u00f6rkt i rummet<\/li>\n<li>Anv\u00e4nd g\u00e4rna ett headset med mikrofon f\u00f6r att h\u00f6ra och h\u00f6ras s\u00e5 bra som m\u00f6jligt<\/li>\n<\/ul>\n<p>Betalning sker genom faktura och kostar som ett vanligt v\u00e5rdbes\u00f6k.<\/p>\n<p>&nbsp;<\/p>\n<p>&nbsp;<\/p>\n","protected":false},"excerpt":{"rendered":"<p>V\u00e4lkommen till Sundsvalls V\u00e5rdcentral V\u00e5rdcentral SK\u00d6NSMON \u00d6ppettider:\u00a0 vardagar 08.00 &#8211; 16.30 Lunchst\u00e4ngt: 12.15-12.45 F\u00f6r r\u00e5dgivning ring 1177 F\u00f6r tidsbokning och \u00f6vriga fr\u00e5gor ring 060 &#8211; 658 12 10 &nbsp; Att v\u00e4lja oss som din v\u00e5rdcentral Du som listar dig hos oss, och d\u00e4rmed v\u00e4ljer oss som din v\u00e5rdcentral f\u00e5r: Tillg\u00e5ng till h\u00f6g kvalitet och god [&hellip;]<\/p>\n","protected":false},"author":5,"featured_media":0,"parent":0,"menu_order":0,"comment_status":"closed","ping_status":"closed","template":"frontpage.php","meta":[],"_links":{"self":[{"href":"http:\/\/185.189.51.196\/~sundsvallv\/wp-json\/wp\/v2\/pages\/179"}],"collection":[{"href":"http:\/\/185.189.51.196\/~sundsvallv\/wp-json\/wp\/v2\/pages"}],"about":[{"href":"http:\/\/185.189.51.196\/~sundsvallv\/wp-json\/wp\/v2\/types\/page"}],"author":[{"embeddable":true,"href":"http:\/\/185.189.51.196\/~sundsvallv\/wp-json\/wp\/v2\/users\/5"}],"replies":[{"embeddable":true,"href":"http:\/\/185.189.51.196\/~sundsvallv\/wp-json\/wp\/v2\/comments?post=179"}],"version-history":[{"count":15,"href":"http:\/\/185.189.51.196\/~sundsvallv\/wp-json\/wp\/v2\/pages\/179\/revisions"}],"predecessor-version":[{"id":875,"href":"http:\/\/185.189.51.196\/~sundsvallv\/wp-json\/wp\/v2\/pages\/179\/revisions\/875"}],"wp:attachment":[{"href":"http:\/\/185.189.51.196\/~sundsvallv\/wp-json\/wp\/v2\/media?parent=179"}],"curies":[{"name":"wp","href":"https:\/\/api.w.org\/{rel}","templated":true}]}}